{"id":51,"date":"2024-11-21T11:36:44","date_gmt":"2024-11-21T03:36:44","guid":{"rendered":"https:\/\/pingheng.globaldeepsea.site\/?post_type=product&#038;p=51"},"modified":"2024-11-21T11:37:24","modified_gmt":"2024-11-21T03:37:24","slug":"heat-exchanger-water-tube-stainless-steel-investment-castings","status":"publish","type":"product","link":"https:\/\/www.thecasting-factory.com\/de\/product\/heat-exchanger-water-tube-stainless-steel-investment-castings\/","title":{"rendered":"W\u00e4rmetauscher Wasserrohr - Edelstahl -Investitionsg\u00fcsse"},"content":{"rendered":"<h3><strong>Produktbeschreibung<\/strong><\/h3>\n<p>Diese als Wasserrohr bezeichnete Komponente wird in W\u00e4rmeaustauschsystemen von Nutzfahrzeugen verwendet. Das Material, das verwendet wird, ist Edelstahl 304, das Vorteile wie Hochtemperaturwiderstand und Korrosionsbest\u00e4ndigkeit aufweist. Es wird ausgiebig bei der Herstellung von Pr\u00e4zisionsgussteilen f\u00fcr Fahrzeuge, K\u00fcchenger\u00e4te, Ventilk\u00f6rper und Pumpen eingesetzt.<\/p>\n<h3><strong>Produktmerkmale<\/strong><\/h3>\n<p>1, d\u00fcnnwandiges, gro\u00dfes Gr\u00f6\u00dfe und die Existenz von multidirektionalem Biegen f\u00fcr die Herstellung von Wachsformen und Gie\u00dfen haben h\u00f6here Anforderungen<br \/>\n2, das Produkt hat eine Versiegelungsanforderung f\u00fcr Gussfehler bei der Kontrolle der hohen Anforderungen<br \/>\nDie beiden Enden des Produkts sind eine externe Schnittstelle, ein Ende der Verarbeitung, um die Gr\u00f6\u00dfe zu gew\u00e4hrleisten, um sicherzustellen, dass die harte Verbindung versiegelt werden kann. Das andere Ende des Rohlings zum Anschlie\u00dfen des Gummi -R\u00f6hrchens, sodass die Gr\u00f6\u00dfe der relativ niedrigen Anforderungen, aber aufgrund seiner Versiegelungsanforderungen, muss die Rundheit des Blankens h\u00f6her sein, um h\u00f6her zu sein, indem sie gestaltet werden.<\/p>\n<h3><strong>Produktgeschichte<\/strong><\/h3>\n<p>Dieses Produkt ist ein ausgereiftes Produkt unseres Unternehmens und wird seit vielen Jahren in gro\u00dfen Mengen mit einer j\u00e4hrlichen Menge von bisher etwa 20.000 St\u00fccken geliefert.<br \/>\nUnser Unternehmen verf\u00fcgt \u00fcber ein starkes technisches Entwicklungsteam mit der Entwicklung des Pr\u00e4zisions -Casting -Feldes aller Arten von geformten Teilen, die von Leerzeichen bis hin zur Bearbeitung integrierter Dienste bereitstellen. Exzellenz, um Kunden effiziente, qualitativ hochwertige Produkte und Dienstleistungen zu bieten, war unsere Philosophie.<\/p>","protected":false},"excerpt":{"rendered":"<p>Dies ist ein Teil, der im W\u00e4rmeaustauschsystem von Nutzfahrzeugen verwendet wird.<\/p>\n<p><strong>Die Spezifikation des Teils lautet LXWXH:<\/strong>191 mmx60 mmx132 mm, Wandst\u00e4rke: 2,5 mm, Gewicht: 0,91 kg.<\/p>\n<p><strong>Material:<\/strong> Edelstahl 304.<\/p>\n<p><strong>Produkttestanforderungen:<\/strong> Luftdichtungstest, 500 kPa Druckluft, 2 Minuten lang Druck, ohne Leckage;<\/p>","protected":false},"featured_media":52,"template":"","meta":[],"product_cat":[17],"product_tag":[48,28,27,50,51],"class_list":{"0":"post-51","1":"product","2":"type-product","3":"status-publish","4":"has-post-thumbnail","6":"product_cat-stainless-steel","7":"product_tag-304-stainless-steel-precision-castings","8":"product_tag-investment-casting","9":"product_tag-precision-casting","10":"product_tag-stainless-steel-castings","11":"product_tag-stainless-steel-precision-castings-for-water-pipes","13":"first","14":"instock","15":"shipping-taxable","16":"product-type-simple"},"_links":{"self":[{"href":"https:\/\/www.thecasting-factory.com\/de\/wp-json\/wp\/v2\/product\/51","targetHints":{"allow":["GET"]}}],"collection":[{"href":"https:\/\/www.thecasting-factory.com\/de\/wp-json\/wp\/v2\/product"}],"about":[{"href":"https:\/\/www.thecasting-factory.com\/de\/wp-json\/wp\/v2\/types\/product"}],"version-history":[{"count":0,"href":"https:\/\/www.thecasting-factory.com\/de\/wp-json\/wp\/v2\/product\/51\/revisions"}],"wp:featuredmedia":[{"embeddable":true,"href":"https:\/\/www.thecasting-factory.com\/de\/wp-json\/wp\/v2\/media\/52"}],"wp:attachment":[{"href":"https:\/\/www.thecasting-factory.com\/de\/wp-json\/wp\/v2\/media?parent=51"}],"wp:term":[{"taxonomy":"product_cat","embeddable":true,"href":"https:\/\/www.thecasting-factory.com\/de\/wp-json\/wp\/v2\/product_cat?post=51"},{"taxonomy":"product_tag","embeddable":true,"href":"https:\/\/www.thecasting-factory.com\/de\/wp-json\/wp\/v2\/product_tag?post=51"}],"curies":[{"name":"wp","href":"https:\/\/api.w.org\/{rel}","templated":true}]}}