{"id":47,"date":"2024-11-21T11:31:59","date_gmt":"2024-11-21T03:31:59","guid":{"rendered":"https:\/\/pingheng.globaldeepsea.site\/?post_type=product&#038;p=47"},"modified":"2024-11-21T11:32:38","modified_gmt":"2024-11-21T03:32:38","slug":"egr-gas-chamber-stainless-steel-precision-casting","status":"publish","type":"product","link":"https:\/\/www.thecasting-factory.com\/de\/product\/egr-gas-chamber-stainless-steel-precision-casting\/","title":{"rendered":"EGR-Gaskammer-Stahl-Pr\u00e4zisionsguss"},"content":{"rendered":"<h3><strong>Produktbeschreibung<\/strong><\/h3>\n<p>Dies ist ein Teil, der in der ber\u00fchmten Dieselmotorfabrik Chinas, in der Motorabgasanlage - EGR -K\u00fchler in den Teilen verwendet wird, der Name hei\u00dft Gaskammer.<br \/>\nEs besteht aus material aus rostfreiem Stahl 304, das die Vorteile von Hochtemperaturwiderstand, Korrosionswiderstand usw. hat. Es wird im Bereich der Pr\u00e4zisionsgussteile f\u00fcr Automobile, Lebensmittelmaschinen, Ventilk\u00f6rper, Pumpen und andere Pr\u00e4zisionsgussteile weit verbreitet.<\/p>\n<h3><strong>Produktmerkmale<\/strong><\/h3>\n<p>1, d\u00fcnnwandige, komplexe Struktur, leicht zu einer Verformung im Gussprozess zu erzeugen<br \/>\n2, das Produkt hat eine Versiegelungsanforderung f\u00fcr Gussfehler bei der Kontrolle h\u00f6herer Anforderungen<br \/>\n3 Es gibt hohe Positionsanforderungen zwischen der Verarbeitungsoberfl\u00e4che, insbesondere der EGR -Ventilmontageoberfl\u00e4che ist sehr hohe Pr\u00e4zision, daher die Entwicklung hoher Anforderungen f\u00fcr die Entwicklung von Verarbeitungsger\u00e4ten<br \/>\nDie Struktur des Produkts wird als komplex bezeichnet, und anschlie\u00dfend wird der Versiegelungstest nicht bestanden, was durch die Bem\u00fchungen unseres Teams zu einer hohen Schrottrate f\u00fchrt und schlie\u00dflich die Gussfehlern \u00fcberwindet, die Leckagerate reduziert und die Massenproduktion erreicht.<\/p>\n<h3><strong>Produktgeschichte<\/strong><\/h3>\n<p>Dieses Produkt ist unsere ausgereiften Produkte, die Massenproduktion begann 2017, derzeit in einem stabilen Versorgungsstaat, der j\u00e4hrliche Versorgung in 2W +.<br \/>\nUnser Unternehmen verf\u00fcgt \u00fcber ein starkes Team f\u00fcr Technologieentwicklung, das in der Lage ist, eine Vielzahl von geformten Teilen im Bereich des Pr\u00e4zisions -Castings zu entwickeln und integrierte Dienste von Leerzeichen bis zu Bearbeitung anzubieten. Streben nach Exzellenz, um Kunden effiziente, qualitativ hochwertige Produkte und Dienstleistungen zu bieten, war immer unsere Einhaltung des Konzepts.<\/p>","protected":false},"excerpt":{"rendered":"<p>Dies ist ein Teil, der im Auto -Abgasbehandlungssystem f\u00fcr Automobile, EGR -K\u00fchler, verwendet wird.<\/p>\n<p><strong>Die Spezifikation des Teils lautet LXWXH:<\/strong>60 mmx60 mmx100 mm, Wandst\u00e4rke: 2,5 mm, Gewicht: 0,72 kg;<\/p>\n<p><strong>Material:<\/strong>Edelstahl 304<\/p>\n<p><strong>Produkttestanforderungen:<\/strong> Luftdichtungstest, 500 kPa Druckluft, 1 min, ohne Leckage;<\/p>","protected":false},"featured_media":48,"template":"","meta":[],"product_cat":[17],"product_tag":[47,48,46,28,27,49],"class_list":{"0":"post-47","1":"product","2":"type-product","3":"status-publish","4":"has-post-thumbnail","6":"product_cat-stainless-steel","7":"product_tag-304-stainless-steel-castings","8":"product_tag-304-stainless-steel-precision-castings","9":"product_tag-egr-stainless-steel-castings","10":"product_tag-investment-casting","11":"product_tag-precision-casting","12":"product_tag-silica-sol-process-castings","14":"first","15":"instock","16":"shipping-taxable","17":"product-type-simple"},"_links":{"self":[{"href":"https:\/\/www.thecasting-factory.com\/de\/wp-json\/wp\/v2\/product\/47","targetHints":{"allow":["GET"]}}],"collection":[{"href":"https:\/\/www.thecasting-factory.com\/de\/wp-json\/wp\/v2\/product"}],"about":[{"href":"https:\/\/www.thecasting-factory.com\/de\/wp-json\/wp\/v2\/types\/product"}],"version-history":[{"count":0,"href":"https:\/\/www.thecasting-factory.com\/de\/wp-json\/wp\/v2\/product\/47\/revisions"}],"wp:featuredmedia":[{"embeddable":true,"href":"https:\/\/www.thecasting-factory.com\/de\/wp-json\/wp\/v2\/media\/48"}],"wp:attachment":[{"href":"https:\/\/www.thecasting-factory.com\/de\/wp-json\/wp\/v2\/media?parent=47"}],"wp:term":[{"taxonomy":"product_cat","embeddable":true,"href":"https:\/\/www.thecasting-factory.com\/de\/wp-json\/wp\/v2\/product_cat?post=47"},{"taxonomy":"product_tag","embeddable":true,"href":"https:\/\/www.thecasting-factory.com\/de\/wp-json\/wp\/v2\/product_tag?post=47"}],"curies":[{"name":"wp","href":"https:\/\/api.w.org\/{rel}","templated":true}]}}