{"id":43,"date":"2024-11-21T11:25:06","date_gmt":"2024-11-21T03:25:06","guid":{"rendered":"https:\/\/pingheng.globaldeepsea.site\/?post_type=product&#038;p=43"},"modified":"2024-11-21T11:25:53","modified_gmt":"2024-11-21T03:25:53","slug":"inlet-and-outlet-end-caps-brass-precision-castings-2","status":"publish","type":"product","link":"https:\/\/www.thecasting-factory.com\/de\/product\/inlet-and-outlet-end-caps-brass-precision-castings-2\/","title":{"rendered":"Einlass- und Ausgangsende-Kappen-Bras-Pr\u00e4zisionsguss"},"content":{"rendered":"<h3><strong>Produktbeschreibung<\/strong><\/h3>\n<p>Dies ist ein Teil, der in den Meeresgef\u00e4\u00dfkomponenten, dem Meer und dem S\u00fc\u00dfwasser -W\u00e4rmetauschersystem verwendet wird. Der Name ist ein Einlass- und Outlet -Endabdeck<br \/>\nTin Bronze, die Zcusn12 als Rohstoff verwendet, ist eine nichteisere Metalllegierung mit der geringsten Menge an Gussschrumpfung, was es ideal f\u00fcr Gussteile mit komplizierten Designs und unterschiedlichen Konturen macht. Da Zinnbronze der Korrosion in Dampf, S\u00fc\u00dfwasser, Atmosph\u00e4re und Meerwasser widersteht, findet es umfangreiche Anwendung in Dampfkesseln und Teilen von Seeschiffen.<\/p>\n<h3><strong>Produktmerkmale<\/strong><\/h3>\n<p>1. Da Silicon Sol Investment Casting ein Bereich ist, der gro\u00dfe Produkte mit Versiegelungsanforderungen erzeugt, gibt es strenge Kontrollanforderungen f\u00fcr den Gussprozess.<br \/>\n2. Kupfer hat beim Gie\u00dfen einen niedrigeren Schmelzpunkt als Stahl und verfl\u00fcssigt sich auf einem relativ anst\u00e4ndigen Fluidit\u00e4tsniveau. Dies kann jedoch leicht zu einem ungleichm\u00e4\u00dfigen Fluss des fl\u00fcssigen Metalls in der Form f\u00fchren.<br \/>\n3. Oxidationsprobleme k\u00f6nnen w\u00e4hrend des Gussprozesses leicht durch Kupfer verursacht werden.<br \/>\nDie niedrige Qualifikationsrate des Kupfer -Pr\u00e4zisionsgusss kann auf die oben genannten Merkmale zur\u00fcckgef\u00fchrt werden.<br \/>\nAus dem Erhalt des Projekts arbeitete unser technisches Team Tag und Nacht, um die Schwierigkeiten durch kontinuierliche Optimierung des Gossensystems, die Kontrolle der Gossentemperatur und der Flussrate zu \u00fcberwinden. Schlie\u00dflich wurde das Projekt erfolgreich entwickelt und zur Massenproduktion gebildet.<br \/>\nDieses Produkt ist seit 2012 in der Massenproduktion und ist seit 12 Jahren stabil, was unserem Unternehmen viel Erfahrung im Bereich des Kupfergie\u00dfens bereitgestellt hat.<br \/>\nUnser Unternehmen hat ein starkes technisches Entwicklungsteam mit der Entwicklung des Pr\u00e4zisions -Casting einer Vielzahl von geformten Teilen im Bereich der F\u00e4higkeit und integrierte Dienste von Casting bis zu Bearbeitung. Exzellenz, Kunden effiziente, qualitativ hochwertige Produkte und Dienstleistungen zu bieten, war schon immer unsere Einhaltung des Konzepts.<\/p>\n<h3><strong>Produktanzeigen<\/strong><\/h3>\n<p><img fetchpriority=\"high\" decoding=\"async\" class=\"alignnone size-medium wp-image-44\" src=\"https:\/\/pingheng.globaldeepsea.site\/wp-content\/uploads\/2024\/11\/Inlet-and-outlet-end-caps-Brass-precision-castings-300x300.webp\" alt=\"\" width=\"300\" height=\"300\" srcset=\"https:\/\/www.thecasting-factory.com\/wp-content\/uploads\/2024\/11\/Inlet-and-outlet-end-caps-Brass-precision-castings-300x300.webp 300w, https:\/\/www.thecasting-factory.com\/wp-content\/uploads\/2024\/11\/Inlet-and-outlet-end-caps-Brass-precision-castings-150x150.webp 150w, https:\/\/www.thecasting-factory.com\/wp-content\/uploads\/2024\/11\/Inlet-and-outlet-end-caps-Brass-precision-castings-768x768.webp 768w, https:\/\/www.thecasting-factory.com\/wp-content\/uploads\/2024\/11\/Inlet-and-outlet-end-caps-Brass-precision-castings-600x600.webp 600w, https:\/\/www.thecasting-factory.com\/wp-content\/uploads\/2024\/11\/Inlet-and-outlet-end-caps-Brass-precision-castings-100x100.webp 100w, https:\/\/www.thecasting-factory.com\/wp-content\/uploads\/2024\/11\/Inlet-and-outlet-end-caps-Brass-precision-castings.webp 1000w\" sizes=\"(max-width: 300px) 100vw, 300px\" \/><img decoding=\"async\" class=\"alignnone size-medium wp-image-45\" src=\"https:\/\/pingheng.globaldeepsea.site\/wp-content\/uploads\/2024\/11\/caps-Brass-precision-castings-300x300.webp\" alt=\"\" width=\"300\" height=\"300\" srcset=\"https:\/\/www.thecasting-factory.com\/wp-content\/uploads\/2024\/11\/caps-Brass-precision-castings-300x300.webp 300w, https:\/\/www.thecasting-factory.com\/wp-content\/uploads\/2024\/11\/caps-Brass-precision-castings-150x150.webp 150w, https:\/\/www.thecasting-factory.com\/wp-content\/uploads\/2024\/11\/caps-Brass-precision-castings-100x100.webp 100w, https:\/\/www.thecasting-factory.com\/wp-content\/uploads\/2024\/11\/caps-Brass-precision-castings.webp 600w\" sizes=\"(max-width: 300px) 100vw, 300px\" \/><img decoding=\"async\" class=\"alignnone size-medium wp-image-46\" src=\"https:\/\/pingheng.globaldeepsea.site\/wp-content\/uploads\/2024\/11\/Brass-precision-castings-300x300.webp\" alt=\"\" width=\"300\" height=\"300\" srcset=\"https:\/\/www.thecasting-factory.com\/wp-content\/uploads\/2024\/11\/Brass-precision-castings-300x300.webp 300w, https:\/\/www.thecasting-factory.com\/wp-content\/uploads\/2024\/11\/Brass-precision-castings-150x150.webp 150w, https:\/\/www.thecasting-factory.com\/wp-content\/uploads\/2024\/11\/Brass-precision-castings-768x768.webp 768w, https:\/\/www.thecasting-factory.com\/wp-content\/uploads\/2024\/11\/Brass-precision-castings-600x600.webp 600w, https:\/\/www.thecasting-factory.com\/wp-content\/uploads\/2024\/11\/Brass-precision-castings-100x100.webp 100w, https:\/\/www.thecasting-factory.com\/wp-content\/uploads\/2024\/11\/Brass-precision-castings.webp 1000w\" sizes=\"(max-width: 300px) 100vw, 300px\" \/><\/p>","protected":false},"excerpt":{"rendered":"<p>Dies ist ein Teil, der in Meeresgef\u00e4\u00dfkomponenten, Sea Fresh Water W\u00e4rmetauschersystem verwendet wird<\/p>\n<p><strong>Die Spezifikation des Teils lautet LXWXH:<\/strong>264 mmx268mmx100mm, Wandst\u00e4rke: 7 mm, Gewicht: 11,62 kg.<\/p>\n<p><strong>Material:<\/strong> ZCuSn12.<\/p>\n<p><strong>Testanforderungen des Produkts:<\/strong> Luftdichtungstest, bestehen 0,9 MPa Druckluft, halten Sie den Druck 30 min, ohne Leckage.<\/p>","protected":false},"featured_media":44,"template":"","meta":[],"product_cat":[16],"product_tag":[31,32,30,29,43,28,35,27,42],"class_list":{"0":"post-43","1":"product","2":"type-product","3":"status-publish","4":"has-post-thumbnail","6":"product_cat-copper-alloy","7":"product_tag-copper-alloy-castings","8":"product_tag-copper-alloy-investment-castings","9":"product_tag-copper-alloy-precision-castings","10":"product_tag-copper-castings","11":"product_tag-copper-castings-for-fresh-and-sea-water-heat-exchangers","12":"product_tag-investment-casting","13":"product_tag-marine-copper-castings","14":"product_tag-precision-casting","15":"product_tag-zcusn12-material-copper-casting","17":"first","18":"instock","19":"shipping-taxable","20":"product-type-simple"},"_links":{"self":[{"href":"https:\/\/www.thecasting-factory.com\/de\/wp-json\/wp\/v2\/product\/43","targetHints":{"allow":["GET"]}}],"collection":[{"href":"https:\/\/www.thecasting-factory.com\/de\/wp-json\/wp\/v2\/product"}],"about":[{"href":"https:\/\/www.thecasting-factory.com\/de\/wp-json\/wp\/v2\/types\/product"}],"version-history":[{"count":0,"href":"https:\/\/www.thecasting-factory.com\/de\/wp-json\/wp\/v2\/product\/43\/revisions"}],"wp:featuredmedia":[{"embeddable":true,"href":"https:\/\/www.thecasting-factory.com\/de\/wp-json\/wp\/v2\/media\/44"}],"wp:attachment":[{"href":"https:\/\/www.thecasting-factory.com\/de\/wp-json\/wp\/v2\/media?parent=43"}],"wp:term":[{"taxonomy":"product_cat","embeddable":true,"href":"https:\/\/www.thecasting-factory.com\/de\/wp-json\/wp\/v2\/product_cat?post=43"},{"taxonomy":"product_tag","embeddable":true,"href":"https:\/\/www.thecasting-factory.com\/de\/wp-json\/wp\/v2\/product_tag?post=43"}],"curies":[{"name":"wp","href":"https:\/\/api.w.org\/{rel}","templated":true}]}}