{"id":41,"date":"2024-11-21T11:18:38","date_gmt":"2024-11-21T03:18:38","guid":{"rendered":"https:\/\/pingheng.globaldeepsea.site\/?post_type=product&#038;p=41"},"modified":"2024-11-21T11:18:38","modified_gmt":"2024-11-21T03:18:38","slug":"pull-ring-brass-precision-casting","status":"publish","type":"product","link":"https:\/\/www.thecasting-factory.com\/de\/product\/pull-ring-brass-precision-casting\/","title":{"rendered":"Pull Ring-Bras Precision Casting"},"content":{"rendered":"<h3><strong>Produktbeschreibung<\/strong><\/h3>\n<p>Dies ist ein elektrisches Zubeh\u00f6r, der Name ist Pull Ring.<br \/>\nSiliziumbronze ist eine Art Kupfer mit guten mechanischen Eigenschaften, Korrosionsbest\u00e4ndigkeit, Verarbeitungsleistung. Daher wird es in der Maschinenherstellungsindustrie, der Schiffbauindustrie, der Stromindustrie, der Bauindustrie h\u00e4ufig eingesetzt.<br \/>\nKupfer -Pr\u00e4zisions -Casting -Prozessschwierigkeiten:<br \/>\nSchmelztemperaturregelung: Der Schmelzpunkt des Kupfers ist hoch, muss die Schmelztemperatur streng steuern, um eine \u00dcberhitzung oder \u00dcberk\u00fchlung zu vermeiden, was zu einem R\u00fcckgang der Materialeigenschaften f\u00fchrt.<br \/>\nFl\u00fcssigkeitsmetallfl\u00fcssigkeit: Kupfer im fl\u00fcssigen Zustand des fl\u00fcssigen Zustands der Fluidit\u00e4t ist besser, aber auch leicht zu einem ungleichm\u00e4\u00dfigen Fl\u00fcssigmetallstrom in der Form zu f\u00fchren. Die Notwendigkeit, sicherzustellen, dass das Material vollst\u00e4ndig mit Details der Form durch das Design eines angemessenen Gossensystems und zum Druck gef\u00fcllt ist, um sicherzustellen, dass die Details der Form.<br \/>\nOxidationsproblem: Kupfer ist anf\u00e4llig f\u00fcr Oxidation. Es ist notwendig, den Einfluss der Oxidation auf die Qualit\u00e4t von Gussgr\u00fcnden durch ein angemessenes Design des Gossensystems sowie die Kontrolle der Gossentemperatur und G\u00e4hnegeschwindigkeit zu verringern.<\/p>\n<h3>\n<strong>Entwicklungsgeschichte<\/strong><\/h3>\n<p>Das Produkt in der Probenstufe von Zeit zu Zeit gie\u00dfen Risse, was zu einer niedrigen Passrate f\u00fchrt; Unser technisches Team durch viele Runden der Testproben\u00fcberpr\u00fcfung und schlie\u00dflich l\u00f6ste das Problem und erf\u00fcllte schlie\u00dflich die Bedingungen der Massenproduktion.<br \/>\nDieses Produkt ist ein ausgereiftes Produkt unseres Unternehmens und seit Beginn des Massenproduktion im Jahr 2017 in stabiler Batch -Versorgung.<br \/>\nUnser Unternehmen verf\u00fcgt \u00fcber ein starkes technisches Entwicklungsteam mit der F\u00e4higkeit, eine Vielzahl von geformten Teilen im Bereich des Pr\u00e4zisions-Casting zu entwickeln und sich nach Exzellenz zu bem\u00fchen und Kunden effiziente, qualitativ hochwertige Produkte und Dienstleistungen zu bieten, war schon immer unsere Einhaltung des Konzepts.<\/p>","protected":false},"excerpt":{"rendered":"<p>Dies ist eine elektrische Leistung<\/p>\n<p><strong>Spezifikation des Teils LXWXH:<\/strong>79 mmx96mmx18mm, Wandst\u00e4rke: 10 mm, Gewicht: 240 g.<\/p>\n<p><strong>Material:<\/strong> Siliziumbronze<\/p>","protected":false},"featured_media":42,"template":"","meta":[],"product_cat":[16],"product_tag":[32,30,29,28,39,27,44,45],"class_list":{"0":"post-41","1":"product","2":"type-product","3":"status-publish","4":"has-post-thumbnail","6":"product_cat-copper-alloy","7":"product_tag-copper-alloy-investment-castings","8":"product_tag-copper-alloy-precision-castings","9":"product_tag-copper-castings","10":"product_tag-investment-casting","11":"product_tag-medium-temperature-wax-process-copper-castings","12":"product_tag-precision-casting","13":"product_tag-silicon-bronze-precision-castings","14":"product_tag-silicone-sol-process-copper-castingsgs","16":"first","17":"instock","18":"shipping-taxable","19":"product-type-simple"},"_links":{"self":[{"href":"https:\/\/www.thecasting-factory.com\/de\/wp-json\/wp\/v2\/product\/41","targetHints":{"allow":["GET"]}}],"collection":[{"href":"https:\/\/www.thecasting-factory.com\/de\/wp-json\/wp\/v2\/product"}],"about":[{"href":"https:\/\/www.thecasting-factory.com\/de\/wp-json\/wp\/v2\/types\/product"}],"version-history":[{"count":0,"href":"https:\/\/www.thecasting-factory.com\/de\/wp-json\/wp\/v2\/product\/41\/revisions"}],"wp:featuredmedia":[{"embeddable":true,"href":"https:\/\/www.thecasting-factory.com\/de\/wp-json\/wp\/v2\/media\/42"}],"wp:attachment":[{"href":"https:\/\/www.thecasting-factory.com\/de\/wp-json\/wp\/v2\/media?parent=41"}],"wp:term":[{"taxonomy":"product_cat","embeddable":true,"href":"https:\/\/www.thecasting-factory.com\/de\/wp-json\/wp\/v2\/product_cat?post=41"},{"taxonomy":"product_tag","embeddable":true,"href":"https:\/\/www.thecasting-factory.com\/de\/wp-json\/wp\/v2\/product_tag?post=41"}],"curies":[{"name":"wp","href":"https:\/\/api.w.org\/{rel}","templated":true}]}}