{"id":37,"date":"2024-11-21T11:13:49","date_gmt":"2024-11-21T03:13:49","guid":{"rendered":"https:\/\/pingheng.globaldeepsea.site\/?post_type=product&#038;p=37"},"modified":"2024-11-21T11:13:49","modified_gmt":"2024-11-21T03:13:49","slug":"inlet-and-outlet-chambers-copper-precision-castings","status":"publish","type":"product","link":"https:\/\/www.thecasting-factory.com\/de\/product\/inlet-and-outlet-chambers-copper-precision-castings\/","title":{"rendered":"Einlass- und Auslasskammern-Kopier-Pr\u00e4zisionsguss"},"content":{"rendered":"<h3><strong>Produktbeschreibung<\/strong><\/h3>\n<p>Dies ist ein Teil, der in den Meeresgef\u00e4\u00dfkomponenten, dem Meer und dem S\u00fc\u00dfwasser -W\u00e4rmetauschersystem verwendet wird. Der Name ist Einlass- und Auslasswasserkammer<br \/>\nZCUSN12 ist das Rohstoff, das zur Herstellung von Zinnbronze verwendet wird, eine Nichteisen-Metall-Legierung, die w\u00e4hrend des Gie\u00dfens den geringsten Schrumpfen aufweist, was es perfekt f\u00fcr Gussteile mit komplexen Mustern und scharfen Merkmalen macht. Zinnbronze wird aufgrund seiner Korrosion in Dampf, S\u00fc\u00dfwasser, Umwelt und Meerwasser h\u00e4ufig in Dampfkesseln und in Abschnitten Seeschiffe eingesetzt.<\/p>\n<h3>\n<strong>Produktmerkmale<\/strong><\/h3>\n<p>1. Aufgrund der Versiegelungsanforderungen dieses Produkts gibt es strenge Kontrollanforderungen f\u00fcr den Gussprozess.<br \/>\n2. Wenn Kupfer an einem niedrigeren Schmelzpunkt geschmolzen als Stahl und Verfl\u00fcssigung mit einem ziemlich guten Grad an Fluidit\u00e4t. Dies kann jedoch leicht dazu f\u00fchren, dass das fl\u00fcssige Metall in der Form ungleichm\u00e4\u00dfig flie\u00dft.<br \/>\n3. Kupfer w\u00e4hrend des Gussprozesses kann schnell zu Oxidationsproblemen f\u00fchren.<br \/>\nDiese Eigenschaften erkl\u00e4ren die niedrige Zertifizierungsrate des Kupfer -Pr\u00e4zisionsgusss.<br \/>\nAus dem Erhalt des Projekts arbeitete unser technisches Team Tag und Nacht, um die Schwierigkeiten zu \u00fcberwinden, und durch kontinuierliche Optimierung des Gossensystems wurde das Projekt schlie\u00dflich erfolgreich entwickelt und zur Massenproduktion gebildet.<br \/>\nUnser Unternehmen verf\u00fcgt \u00fcber viel Erfahrung im Bereich Kupferguss, da dieses Produkt seit 11 Jahren stetig versorgt und seit 2013 in Massenproduktion beteiligt ist.<br \/>\nUnser Unternehmen verf\u00fcgt \u00fcber ein starkes technisches Entwicklungsteam mit der Entwicklung des Pr\u00e4zisions-Casting verschiedener geformter Teile im Bereich der F\u00e4higkeit und um integrierte Dienstleistungen von Casting bis zu Bearbeitung und Streben nach Exzellenz zu erbringen, um Kunden effiziente, qualitativ hochwertige Produkte und Dienstleistungen zu bieten, war schon immer unsere Einhaltung des Konzepts.<\/p>\n<p><img fetchpriority=\"high\" decoding=\"async\" class=\"alignnone size-medium wp-image-38\" src=\"https:\/\/pingheng.globaldeepsea.site\/wp-content\/uploads\/2024\/11\/Inlet-and-outlet-chambers-copper-precision-castings-300x300.webp\" alt=\"\" width=\"300\" height=\"300\" srcset=\"https:\/\/www.thecasting-factory.com\/wp-content\/uploads\/2024\/11\/Inlet-and-outlet-chambers-copper-precision-castings-300x300.webp 300w, https:\/\/www.thecasting-factory.com\/wp-content\/uploads\/2024\/11\/Inlet-and-outlet-chambers-copper-precision-castings-150x150.webp 150w, https:\/\/www.thecasting-factory.com\/wp-content\/uploads\/2024\/11\/Inlet-and-outlet-chambers-copper-precision-castings-768x768.webp 768w, https:\/\/www.thecasting-factory.com\/wp-content\/uploads\/2024\/11\/Inlet-and-outlet-chambers-copper-precision-castings-600x600.webp 600w, https:\/\/www.thecasting-factory.com\/wp-content\/uploads\/2024\/11\/Inlet-and-outlet-chambers-copper-precision-castings-100x100.webp 100w, https:\/\/www.thecasting-factory.com\/wp-content\/uploads\/2024\/11\/Inlet-and-outlet-chambers-copper-precision-castings.webp 1000w\" sizes=\"(max-width: 300px) 100vw, 300px\" \/><img decoding=\"async\" class=\"alignnone size-medium wp-image-39\" src=\"https:\/\/pingheng.globaldeepsea.site\/wp-content\/uploads\/2024\/11\/precision-castings-300x300.webp\" alt=\"\" width=\"300\" height=\"300\" srcset=\"https:\/\/www.thecasting-factory.com\/wp-content\/uploads\/2024\/11\/precision-castings-300x300.webp 300w, https:\/\/www.thecasting-factory.com\/wp-content\/uploads\/2024\/11\/precision-castings-150x150.webp 150w, https:\/\/www.thecasting-factory.com\/wp-content\/uploads\/2024\/11\/precision-castings-768x768.webp 768w, https:\/\/www.thecasting-factory.com\/wp-content\/uploads\/2024\/11\/precision-castings-600x600.webp 600w, https:\/\/www.thecasting-factory.com\/wp-content\/uploads\/2024\/11\/precision-castings-100x100.webp 100w, https:\/\/www.thecasting-factory.com\/wp-content\/uploads\/2024\/11\/precision-castings.webp 1000w\" sizes=\"(max-width: 300px) 100vw, 300px\" \/><img decoding=\"async\" class=\"alignnone size-medium wp-image-40\" src=\"https:\/\/pingheng.globaldeepsea.site\/wp-content\/uploads\/2024\/11\/COPPER-precision-castings-300x300.webp\" alt=\"\" width=\"300\" height=\"300\" srcset=\"https:\/\/www.thecasting-factory.com\/wp-content\/uploads\/2024\/11\/COPPER-precision-castings-300x300.webp 300w, https:\/\/www.thecasting-factory.com\/wp-content\/uploads\/2024\/11\/COPPER-precision-castings-150x150.webp 150w, https:\/\/www.thecasting-factory.com\/wp-content\/uploads\/2024\/11\/COPPER-precision-castings-768x768.webp 768w, https:\/\/www.thecasting-factory.com\/wp-content\/uploads\/2024\/11\/COPPER-precision-castings-600x600.webp 600w, https:\/\/www.thecasting-factory.com\/wp-content\/uploads\/2024\/11\/COPPER-precision-castings-100x100.webp 100w, https:\/\/www.thecasting-factory.com\/wp-content\/uploads\/2024\/11\/COPPER-precision-castings.webp 1000w\" sizes=\"(max-width: 300px) 100vw, 300px\" \/><\/p>","protected":false},"excerpt":{"rendered":"<p>Dies ist ein Teil, der in Meeresgef\u00e4\u00dfkomponenten, dem S\u00fc\u00dfwasser -W\u00e4rmetauscher des Meeres, verwendet wird.<\/p>\n<p><strong>Die Spezifikation des Teils lautet LXWXH:<\/strong>235 mmx232mmx100mm, Wandst\u00e4rke: 6 mm, Gewicht: 6,52 kg.<\/p>\n<p><strong>Material:<\/strong>ZCuSn12.<\/p>\n<p><strong>Testanforderungen des Produkts:<\/strong> Luftdichtungstest, bestehen 0,5 MPa Druckluft, halten Sie 1 min, ohne Leckage.<\/p>","protected":false},"featured_media":38,"template":"","meta":[],"product_cat":[16],"product_tag":[31,32,30,29,43,28,35,27,42],"class_list":{"0":"post-37","1":"product","2":"type-product","3":"status-publish","4":"has-post-thumbnail","6":"product_cat-copper-alloy","7":"product_tag-copper-alloy-castings","8":"product_tag-copper-alloy-investment-castings","9":"product_tag-copper-alloy-precision-castings","10":"product_tag-copper-castings","11":"product_tag-copper-castings-for-fresh-and-sea-water-heat-exchangers","12":"product_tag-investment-casting","13":"product_tag-marine-copper-castings","14":"product_tag-precision-casting","15":"product_tag-zcusn12-material-copper-casting","17":"first","18":"instock","19":"shipping-taxable","20":"product-type-simple"},"_links":{"self":[{"href":"https:\/\/www.thecasting-factory.com\/de\/wp-json\/wp\/v2\/product\/37","targetHints":{"allow":["GET"]}}],"collection":[{"href":"https:\/\/www.thecasting-factory.com\/de\/wp-json\/wp\/v2\/product"}],"about":[{"href":"https:\/\/www.thecasting-factory.com\/de\/wp-json\/wp\/v2\/types\/product"}],"version-history":[{"count":0,"href":"https:\/\/www.thecasting-factory.com\/de\/wp-json\/wp\/v2\/product\/37\/revisions"}],"wp:featuredmedia":[{"embeddable":true,"href":"https:\/\/www.thecasting-factory.com\/de\/wp-json\/wp\/v2\/media\/38"}],"wp:attachment":[{"href":"https:\/\/www.thecasting-factory.com\/de\/wp-json\/wp\/v2\/media?parent=37"}],"wp:term":[{"taxonomy":"product_cat","embeddable":true,"href":"https:\/\/www.thecasting-factory.com\/de\/wp-json\/wp\/v2\/product_cat?post=37"},{"taxonomy":"product_tag","embeddable":true,"href":"https:\/\/www.thecasting-factory.com\/de\/wp-json\/wp\/v2\/product_tag?post=37"}],"curies":[{"name":"wp","href":"https:\/\/api.w.org\/{rel}","templated":true}]}}