{"id":33,"date":"2024-11-21T11:08:17","date_gmt":"2024-11-21T03:08:17","guid":{"rendered":"https:\/\/pingheng.globaldeepsea.site\/?post_type=product&#038;p=33"},"modified":"2024-11-21T11:08:18","modified_gmt":"2024-11-21T03:08:18","slug":"hingelower-precision-casting-for-elf-fus","status":"publish","type":"product","link":"https:\/\/www.thecasting-factory.com\/de\/product\/hingelower-precision-casting-for-elf-fus\/","title":{"rendered":"Scharnier: niedrigeres Pr\u00e4zisionsguss f\u00fcr Elf Fus"},"content":{"rendered":"<h3><strong>Produktbeschreibung<\/strong><\/h3>\n<p>Dies ist eine elektrische Leistung, der Name ist Scharnier<br \/>\nRed Messing C83600 ist eine gute mechanische Eigenschaften, Korrosionswiderstand, Verarbeitungsleistung, daher wird es h\u00e4ufig bei der Herstellung von elektrischen Stromverh\u00e4ltnissen, Ventilen, Rohren, Ausstattung, Pumpenk\u00f6rper und dekorativen Teilen verwendet.<br \/>\nDie Prozessschwierigkeiten des Kupferpr\u00e4zisionsgusss:<br \/>\nSchmelztemperaturkontrolle: Der Schmelzpunkt des Kupfers ist hoch, die Notwendigkeit, die Schmelztemperatur strikt zu steuern, um eine \u00dcberhitzung oder \u00dcberk\u00fchlung zu vermeiden, was zu einem R\u00fcckgang der Materialeigenschaften f\u00fchrt.<br \/>\nFl\u00fcssige Metallmobilit\u00e4t: Kupfer im fl\u00fcssigen Zustand der Mobilit\u00e4t ist besser, aber auch leicht zu einem ungleichm\u00e4\u00dfigen Fl\u00fcssigmetallstrom in der Form zu f\u00fchren. Sie m\u00fcssen sicherstellen, dass das Material durch das angemessene Design des Gossensystems und den Druck, um das Material sicherzustellen, vollst\u00e4ndig mit Schimmelpilzdetails gef\u00fcllt ist.<br \/>\nOxidationsproblem: Kupfer ist anf\u00e4llig f\u00fcr Oxidation. Es ist notwendig, den Einfluss der Oxidation auf die Qualit\u00e4t von Gussgr\u00fcnden durch ein angemessenes Design des Gossensystems sowie die Kontrolle der Gossentemperatur und G\u00e4hnegeschwindigkeit zu verringern.<\/p>\n<h3>\n<strong>Entwicklungsgeschichte\u00a0<\/strong><\/h3>\n<p>Dieses Projekt begann ab dem Fixpunkt, die Kundennachfrage nach dem Lieferzyklus ist sehr kurz, unsere Testproben k\u00f6nnen die Lieferzeit des Kunden rechtzeitig erf\u00fcllen.<br \/>\nUnser Unternehmen verf\u00fcgt \u00fcber ein starkes technisches Entwicklungsteam mit der F\u00e4higkeit, eine Vielzahl von geformten Teilen im Bereich des Pr\u00e4zisions -Castings zu entwickeln, und verf\u00fcgt \u00fcber eine Vielzahl von Erfahrung im Kupfer -Pr\u00e4zisions -Casting, um einen integrierten Service vom Casting bis zur Bearbeitung zu bieten. Streben nach Exzellenz, um Kunden effiziente, qualitativ hochwertige Produkte und Dienstleistungen zu bieten, war immer unsere Einhaltung des Konzepts.<\/p>\n<h3>\n<strong>Produktanzeigen\u00a0<\/strong><\/h3>\n<p><img fetchpriority=\"high\" decoding=\"async\" class=\"alignnone size-medium wp-image-35\" src=\"https:\/\/pingheng.globaldeepsea.site\/wp-content\/uploads\/2024\/11\/lower-precision-casting-for-elf-fus-1-300x300.webp\" alt=\"\" width=\"300\" height=\"300\" srcset=\"https:\/\/www.thecasting-factory.com\/wp-content\/uploads\/2024\/11\/lower-precision-casting-for-elf-fus-1-300x300.webp 300w, https:\/\/www.thecasting-factory.com\/wp-content\/uploads\/2024\/11\/lower-precision-casting-for-elf-fus-1-150x150.webp 150w, https:\/\/www.thecasting-factory.com\/wp-content\/uploads\/2024\/11\/lower-precision-casting-for-elf-fus-1-768x768.webp 768w, https:\/\/www.thecasting-factory.com\/wp-content\/uploads\/2024\/11\/lower-precision-casting-for-elf-fus-1-600x600.webp 600w, https:\/\/www.thecasting-factory.com\/wp-content\/uploads\/2024\/11\/lower-precision-casting-for-elf-fus-1-100x100.webp 100w, https:\/\/www.thecasting-factory.com\/wp-content\/uploads\/2024\/11\/lower-precision-casting-for-elf-fus-1.webp 1000w\" sizes=\"(max-width: 300px) 100vw, 300px\" \/><img decoding=\"async\" class=\"alignnone size-medium wp-image-36\" src=\"https:\/\/pingheng.globaldeepsea.site\/wp-content\/uploads\/2024\/11\/lower-precision-casting-300x300.webp\" alt=\"\" width=\"300\" height=\"300\" srcset=\"https:\/\/www.thecasting-factory.com\/wp-content\/uploads\/2024\/11\/lower-precision-casting-300x300.webp 300w, https:\/\/www.thecasting-factory.com\/wp-content\/uploads\/2024\/11\/lower-precision-casting-150x150.webp 150w, https:\/\/www.thecasting-factory.com\/wp-content\/uploads\/2024\/11\/lower-precision-casting-768x768.webp 768w, https:\/\/www.thecasting-factory.com\/wp-content\/uploads\/2024\/11\/lower-precision-casting-600x600.webp 600w, https:\/\/www.thecasting-factory.com\/wp-content\/uploads\/2024\/11\/lower-precision-casting-100x100.webp 100w, https:\/\/www.thecasting-factory.com\/wp-content\/uploads\/2024\/11\/lower-precision-casting.webp 1000w\" sizes=\"(max-width: 300px) 100vw, 300px\" \/><\/p>","protected":false},"excerpt":{"rendered":"<p>Dies ist ein elektrischer Stromteile<\/p>\n<p><strong>Spezifikation des Teils LXWXH:<\/strong>76 mmx80 mmx28mm, Wandst\u00e4rke 4 mm: Gewicht: 250 g.<\/p>\n<p><strong>Material:<\/strong> Rote Messing C83600<\/p>","protected":false},"featured_media":34,"template":"","meta":[],"product_cat":[16],"product_tag":[31,32,30,29,41,28,27,40],"class_list":{"0":"post-33","1":"product","2":"type-product","3":"status-publish","4":"has-post-thumbnail","6":"product_cat-copper-alloy","7":"product_tag-copper-alloy-castings","8":"product_tag-copper-alloy-investment-castings","9":"product_tag-copper-alloy-precision-castings","10":"product_tag-copper-castings","11":"product_tag-copper-castings-for-electric-power-and-electric-appliances","12":"product_tag-investment-casting","13":"product_tag-precision-casting","14":"product_tag-red-brass-c83600-material-copper-casting","16":"first","17":"instock","18":"shipping-taxable","19":"product-type-simple"},"_links":{"self":[{"href":"https:\/\/www.thecasting-factory.com\/de\/wp-json\/wp\/v2\/product\/33","targetHints":{"allow":["GET"]}}],"collection":[{"href":"https:\/\/www.thecasting-factory.com\/de\/wp-json\/wp\/v2\/product"}],"about":[{"href":"https:\/\/www.thecasting-factory.com\/de\/wp-json\/wp\/v2\/types\/product"}],"version-history":[{"count":0,"href":"https:\/\/www.thecasting-factory.com\/de\/wp-json\/wp\/v2\/product\/33\/revisions"}],"wp:featuredmedia":[{"embeddable":true,"href":"https:\/\/www.thecasting-factory.com\/de\/wp-json\/wp\/v2\/media\/34"}],"wp:attachment":[{"href":"https:\/\/www.thecasting-factory.com\/de\/wp-json\/wp\/v2\/media?parent=33"}],"wp:term":[{"taxonomy":"product_cat","embeddable":true,"href":"https:\/\/www.thecasting-factory.com\/de\/wp-json\/wp\/v2\/product_cat?post=33"},{"taxonomy":"product_tag","embeddable":true,"href":"https:\/\/www.thecasting-factory.com\/de\/wp-json\/wp\/v2\/product_tag?post=33"}],"curies":[{"name":"wp","href":"https:\/\/api.w.org\/{rel}","templated":true}]}}