{"id":31,"date":"2024-11-21T11:01:41","date_gmt":"2024-11-21T03:01:41","guid":{"rendered":"https:\/\/pingheng.globaldeepsea.site\/?post_type=product&#038;p=31"},"modified":"2024-11-21T11:01:42","modified_gmt":"2024-11-21T03:01:42","slug":"brake-ringcopper-precision-casting-parts","status":"publish","type":"product","link":"https:\/\/www.thecasting-factory.com\/de\/product\/brake-ringcopper-precision-casting-parts\/","title":{"rendered":"Bremsring: Kupfer -Pr\u00e4zisionsguss -Teile"},"content":{"rendered":"<h3><strong>Produktbeschreibung<\/strong><\/h3>\n<p>Dies ist eine elektrische Note f\u00fcr Strom, die in den Produkten eines international renommierten Unternehmens \u00fcber den Armaturen verwendet wird, dem Namen Bremsring<br \/>\nBronze hat eine gute Korrosionsbest\u00e4ndigkeit, eine hohe Festigkeit, eine gute thermische Leitf\u00e4higkeit, eine gute Verarbeitungsleistung. Daher wird sie h\u00e4ufig bei der Herstellung von elektrischen Netzteilen, Ventilen, Rohrleitungen, Rohrbeschl\u00e4gen, Pumpen und dekorativen Teilen verwendet.<br \/>\nKupfer -Pr\u00e4zisions -Casting -Prozessschwierigkeiten:<br \/>\nKontrolle der Schmelztemperatur: Da Kupfer einen hohen Schmelzpunkt aufweist, ist es wichtig, die Schmelztemperatur sorgf\u00e4ltig zu regulieren, um zu verhindern, dass die materiellen Qualit\u00e4ten aufgrund von \u00dcberhitzung oder \u00dcberk\u00fchlung abnehmen.<br \/>\nFl\u00fcssigmetallmobilit\u00e4t: Kupfer ist mobiler, wenn es fl\u00fcssig ist. Dies kann jedoch auch zu einem ungleichm\u00e4\u00dfigen Fl\u00fcssigkeitsstrom in der Form in der Form f\u00fchren. Um dies zu verhindern, stellen Sie sicher, dass das Material mit Schimmelpilzdetails vollst\u00e4ndig gef\u00fcllt ist, indem ein angemessenes Ausgusssystemdesign und ein Druck verwendet werden.<br \/>\nOxidationsproblem: Da Kupfer oxidativ ist, ist es wichtig, die Gie\u00dftemperatur zu kontrollieren und das Gossensystem so zu gestalten, dass die negativen Auswirkungen der Oxidation auf die Gussqualit\u00e4t minimiert werden.<\/p>\n<h3>\n<strong>Entwicklungsgeschichte<\/strong><\/h3>\n<p>Dieses Projekt begann vom Fixpunkt, der Kundendacherfrage nach einem kurzen Lieferzyklus, unsere Testproben einmal durch, kann die Lieferzeit des Kunden rechtzeitig erf\u00fcllen, und in kurzer Zeit, um eine Massenproduktion zu bilden, bestellt das Produkt f\u00fcr unser Unternehmen eine der gr\u00f6\u00dften Anzahl von Produkten, das j\u00e4hrliche Angebot von 10 W +.<br \/>\nUnser Unternehmen bem\u00fcht sich nach Exzellenz und bietet Kunden effiziente, qualitativ hochwertige Produkte und Dienstleistungen, die wir auch an das Konzept einhalten. Wir haben ein starkes technisches Entwicklungsteam, das eine Vielzahl von geformten Teilen im Bereich des Pr\u00e4zisionsgie\u00dfens und eine F\u00fclle von Erfahrung im Kupfer -Pr\u00e4zisions -Casting entwickeln kann.<\/p>","protected":false},"excerpt":{"rendered":"<p>Dies ist ein elektrisches elektrisches Zubeh\u00f6r<\/p>\n<p><strong>Spezifikation des Teils LXWXH:<\/strong>80 mmx80mmx10 mm, Gewicht: 190 g.<\/p>\n<p><strong>Material:<\/strong> BRONZE<\/p>","protected":false},"featured_media":32,"template":"","meta":[],"product_cat":[16],"product_tag":[31,32,30,29,28,39,27,38,37],"class_list":{"0":"post-31","1":"product","2":"type-product","3":"status-publish","4":"has-post-thumbnail","6":"product_cat-copper-alloy","7":"product_tag-copper-alloy-castings","8":"product_tag-copper-alloy-investment-castings","9":"product_tag-copper-alloy-precision-castings","10":"product_tag-copper-castings","11":"product_tag-investment-casting","12":"product_tag-medium-temperature-wax-process-copper-castings","13":"product_tag-precision-casting","14":"product_tag-precision-casting-of-bronze-materials","15":"product_tag-silicone-sol-process-copper-castings","17":"first","18":"instock","19":"shipping-taxable","20":"product-type-simple"},"_links":{"self":[{"href":"https:\/\/www.thecasting-factory.com\/de\/wp-json\/wp\/v2\/product\/31","targetHints":{"allow":["GET"]}}],"collection":[{"href":"https:\/\/www.thecasting-factory.com\/de\/wp-json\/wp\/v2\/product"}],"about":[{"href":"https:\/\/www.thecasting-factory.com\/de\/wp-json\/wp\/v2\/types\/product"}],"version-history":[{"count":0,"href":"https:\/\/www.thecasting-factory.com\/de\/wp-json\/wp\/v2\/product\/31\/revisions"}],"wp:featuredmedia":[{"embeddable":true,"href":"https:\/\/www.thecasting-factory.com\/de\/wp-json\/wp\/v2\/media\/32"}],"wp:attachment":[{"href":"https:\/\/www.thecasting-factory.com\/de\/wp-json\/wp\/v2\/media?parent=31"}],"wp:term":[{"taxonomy":"product_cat","embeddable":true,"href":"https:\/\/www.thecasting-factory.com\/de\/wp-json\/wp\/v2\/product_cat?post=31"},{"taxonomy":"product_tag","embeddable":true,"href":"https:\/\/www.thecasting-factory.com\/de\/wp-json\/wp\/v2\/product_tag?post=31"}],"curies":[{"name":"wp","href":"https:\/\/api.w.org\/{rel}","templated":true}]}}