{"id":27,"date":"2024-11-21T10:48:18","date_gmt":"2024-11-21T02:48:18","guid":{"rendered":"https:\/\/pingheng.globaldeepsea.site\/?post_type=product&#038;p=27"},"modified":"2024-11-21T10:52:53","modified_gmt":"2024-11-21T02:52:53","slug":"inlet-and-outlet-end-caps-brass-precision-castings","status":"publish","type":"product","link":"https:\/\/www.thecasting-factory.com\/de\/product\/inlet-and-outlet-end-caps-brass-precision-castings\/","title":{"rendered":"Einlass- und Ausgangsende-Kappen-Bras-Pr\u00e4zisionsguss"},"content":{"rendered":"<h3><strong>Produktbeschreibung<\/strong><\/h3>\n<p>Dies ist ein Teil, der in den Seeschiffteilen verwendet wird, der Meereshitzesalbumschendeal aus dem Meer, der Name wird als Einlass- und Outlet -Endkappe bezeichnet<br \/>\nZCUZN16SI4 ist ein Gusskupferlegierungsmaterial mit hohen mechanischen Eigenschaften und guter Korrosionsbest\u00e4ndigkeit, guter Gussleistung, hoher Mobilit\u00e4t, h\u00e4ufig in Rohrbeschl\u00e4gen verwendet, die in Kontakt mit Meerwasser sowie Pumpen, Impaul, Steckdosen und Ausg\u00fcssen, die in Luft, frischem Wasser, \u00d6l, Kraftstoff, sowie den Druck von 4,5 mpa und in der Luft arbeiten.<\/p>\n<h3><strong>Produkti -Funktionen<\/strong><\/h3>\n<p>1. Im Feld des Silikon -Sol -Pr\u00e4zisionsgusss, das als gro\u00dfes Produkt angesehen wird, und das Produkt hat die Dichtungsanforderungen, so<br \/>\n2. Mit dem Gie\u00dfen von Stahlvergleich ist der Kupferschmelzpunkt relativ niedrig und verfl\u00fcssig<br \/>\n3. Copper im Gussprozess ist einfach zu produzieren Oxidationsprobleme<br \/>\nDie oben genannten Eigenschaften f\u00fchren zu einer niedrigen Qualifikationsrate des Kupfer -Pr\u00e4zisionsgusss.<\/p>\n<h3><strong>Produktgeschichte<\/strong><\/h3>\n<p>Aus dem Erhalt des Projekts arbeitete unser technisches Team Tag und Nacht, um die Schwierigkeiten zu \u00fcberwinden, und durch kontinuierliche Optimierung des Gossensystems wurde das Projekt schlie\u00dflich erfolgreich entwickelt und bildete die Massenproduktion.<br \/>\nDieses Produkt ist seit 2013 in der Massenproduktion und ist seit 11 Jahren stabil, was uns viel Erfahrung im Bereich des Kupfergie\u00dfens gemacht hat.<br \/>\nUnser Unternehmen verf\u00fcgt \u00fcber ein starkes technisches Entwicklungsteam mit der Entwicklung des Pr\u00e4zisions-Casting verschiedener geformter Teile im Bereich der F\u00e4higkeit und um integrierte Dienstleistungen von Casting bis zu Bearbeitung und Streben nach Exzellenz zu erbringen, um Kunden effiziente, qualitativ hochwertige Produkte und Dienstleistungen zu bieten, war schon immer unsere Einhaltung des Konzepts.<\/p>\n<h3><strong>Produktanzeigen<\/strong><\/h3>\n<p><img fetchpriority=\"high\" decoding=\"async\" class=\"alignnone size-medium wp-image-29\" src=\"https:\/\/pingheng.globaldeepsea.site\/wp-content\/uploads\/2024\/11\/castings-300x300.webp\" alt=\"\" width=\"300\" height=\"300\" srcset=\"https:\/\/www.thecasting-factory.com\/wp-content\/uploads\/2024\/11\/castings-300x300.webp 300w, https:\/\/www.thecasting-factory.com\/wp-content\/uploads\/2024\/11\/castings-150x150.webp 150w, https:\/\/www.thecasting-factory.com\/wp-content\/uploads\/2024\/11\/castings-768x768.webp 768w, https:\/\/www.thecasting-factory.com\/wp-content\/uploads\/2024\/11\/castings-600x600.webp 600w, https:\/\/www.thecasting-factory.com\/wp-content\/uploads\/2024\/11\/castings-100x100.webp 100w, https:\/\/www.thecasting-factory.com\/wp-content\/uploads\/2024\/11\/castings.webp 1000w\" sizes=\"(max-width: 300px) 100vw, 300px\" \/><img decoding=\"async\" class=\"alignnone size-medium wp-image-28\" src=\"https:\/\/pingheng.globaldeepsea.site\/wp-content\/uploads\/2024\/11\/CAPS-BRASS-300x300.webp\" alt=\"\" width=\"300\" height=\"300\" srcset=\"https:\/\/www.thecasting-factory.com\/wp-content\/uploads\/2024\/11\/CAPS-BRASS-300x300.webp 300w, https:\/\/www.thecasting-factory.com\/wp-content\/uploads\/2024\/11\/CAPS-BRASS-150x150.webp 150w, https:\/\/www.thecasting-factory.com\/wp-content\/uploads\/2024\/11\/CAPS-BRASS-768x768.webp 768w, https:\/\/www.thecasting-factory.com\/wp-content\/uploads\/2024\/11\/CAPS-BRASS-600x600.webp 600w, https:\/\/www.thecasting-factory.com\/wp-content\/uploads\/2024\/11\/CAPS-BRASS-100x100.webp 100w, https:\/\/www.thecasting-factory.com\/wp-content\/uploads\/2024\/11\/CAPS-BRASS.webp 1000w\" sizes=\"(max-width: 300px) 100vw, 300px\" \/><\/p>","protected":false},"excerpt":{"rendered":"<p>Dies ist ein Teil, der in Meeresgef\u00e4\u00dfkomponenten, dem S\u00fc\u00dfwasser -W\u00e4rmetauscher des Meeres, verwendet wird.<\/p>\n<p><strong>Die Spezifikation des Teils ist<\/strong> <strong>Lxwxh<\/strong>: 264 mmx268mmx90mm, Wandst\u00e4rke: 7 mm, Gewicht: 9,81 kg.<\/p>\n<p><strong>Material<\/strong>:ZCuZn16Si4.<\/p>\n<p><strong>Produkttestanforderungen<\/strong>: Luftdichtungstest, bestehen 0,9 MPa Druckluft, Haltedruck f\u00fcr 30 min, ohne Leckage.<\/p>","protected":false},"featured_media":28,"template":"","meta":[],"product_cat":[16],"product_tag":[31,32,30,29,28,35,27,37,36],"class_list":{"0":"post-27","1":"product","2":"type-product","3":"status-publish","4":"has-post-thumbnail","6":"product_cat-copper-alloy","7":"product_tag-copper-alloy-castings","8":"product_tag-copper-alloy-investment-castings","9":"product_tag-copper-alloy-precision-castings","10":"product_tag-copper-castings","11":"product_tag-investment-casting","12":"product_tag-marine-copper-castings","13":"product_tag-precision-casting","14":"product_tag-silicone-sol-process-copper-castings","15":"product_tag-zcuzn16si4-material-precision-castings","17":"first","18":"instock","19":"shipping-taxable","20":"product-type-simple"},"_links":{"self":[{"href":"https:\/\/www.thecasting-factory.com\/de\/wp-json\/wp\/v2\/product\/27","targetHints":{"allow":["GET"]}}],"collection":[{"href":"https:\/\/www.thecasting-factory.com\/de\/wp-json\/wp\/v2\/product"}],"about":[{"href":"https:\/\/www.thecasting-factory.com\/de\/wp-json\/wp\/v2\/types\/product"}],"version-history":[{"count":1,"href":"https:\/\/www.thecasting-factory.com\/de\/wp-json\/wp\/v2\/product\/27\/revisions"}],"predecessor-version":[{"id":30,"href":"https:\/\/www.thecasting-factory.com\/de\/wp-json\/wp\/v2\/product\/27\/revisions\/30"}],"wp:featuredmedia":[{"embeddable":true,"href":"https:\/\/www.thecasting-factory.com\/de\/wp-json\/wp\/v2\/media\/28"}],"wp:attachment":[{"href":"https:\/\/www.thecasting-factory.com\/de\/wp-json\/wp\/v2\/media?parent=27"}],"wp:term":[{"taxonomy":"product_cat","embeddable":true,"href":"https:\/\/www.thecasting-factory.com\/de\/wp-json\/wp\/v2\/product_cat?post=27"},{"taxonomy":"product_tag","embeddable":true,"href":"https:\/\/www.thecasting-factory.com\/de\/wp-json\/wp\/v2\/product_tag?post=27"}],"curies":[{"name":"wp","href":"https:\/\/api.w.org\/{rel}","templated":true}]}}