{"id":20,"date":"2024-11-21T10:34:40","date_gmt":"2024-11-21T02:34:40","guid":{"rendered":"https:\/\/pingheng.globaldeepsea.site\/?post_type=product&#038;p=20"},"modified":"2024-11-21T10:57:05","modified_gmt":"2024-11-21T02:57:05","slug":"end-caps-copper-precision-castings","status":"publish","type":"product","link":"https:\/\/www.thecasting-factory.com\/de\/product\/end-caps-copper-precision-castings\/","title":{"rendered":"Pr\u00e4zisionsg\u00fcsse der Endkappen-Koper"},"content":{"rendered":"<h3><strong>Produktbeschreibung<\/strong><\/h3>\n<p>Dies ist ein Teil, der in Meeresgef\u00e4\u00dfkomponenten, Meeres- und S\u00fc\u00dfwasser -W\u00e4rmetauschersystem verwendet wird. Der Name ist die Endkappe<br \/>\nZinnbronze nimmt ZCUSN12 als Material ein und ist eine nichteisere Metalllegierung mit dem kleinsten Gussschrumpfung, mit dem Gurstriche mit komplexen Formen und klaren Konturen hergestellt werden k\u00f6nnen. Zinnbronze ist in der Atmosph\u00e4re, dem Meerwasser, dem S\u00fc\u00dfwasser und Dampf sehr korrosionsresistent. Daher wird sie in Dampfkesseln und Seeschiffteilen weit verbreitet.<\/p>\n<h3><strong>Produktmerkmale<\/strong><\/h3>\n<p>1, im Bereich der Silikon -Sol -Investitionsguss, das als gro\u00dfes Produkt angesehen wird, und das Produkt hat die Versiegelungsanforderungen, so<br \/>\n2, im Vergleich zum Gie\u00dfen von Stahl ist der Kupferschmelzpunkt relativ niedrig und verfl\u00fcssig<br \/>\n3, Kupfer im Gussprozess ist einfach zu produzieren Oxidationsprobleme<br \/>\nDie oben genannten Eigenschaften f\u00fchren zu einer niedrigen Qualifikationsrate des Kupfer -Pr\u00e4zisionsgusss.<\/p>\n<h3><strong>Produktgeschichte<\/strong><\/h3>\n<p>Unser Unternehmen verf\u00fcgt \u00fcber umfangreiche technische Erfahrung in der Entwicklung von Kupferg\u00fcssen. Das Produkt von der Bestellung zur Massenproduktion ist relativ reibungslos.<br \/>\nEntwickelt und Massenproduktion von 2012, kontinuierliches und stabiles Angebot.<br \/>\nUnser Unternehmen verf\u00fcgt \u00fcber ein starkes technisches Entwicklungsteam mit der F\u00e4higkeit, eine Vielzahl von geformten Teilen im Bereich des Pr\u00e4zisions-Casting zu entwickeln und integrierte Dienstleistungen von Casting \u00fcber die Bearbeitung und das Streben nach Exzellenz zu erbringen, um Kunden effiziente, qualitativ hochwertige Produkte und Dienstleistungen zu bieten, war schon immer unsere Einhaltung des Konzepts.<\/p>\n<h3><strong>Produktanzeigen<\/strong><\/h3>\n<p><img fetchpriority=\"high\" decoding=\"async\" class=\"alignnone size-medium wp-image-22\" src=\"https:\/\/pingheng.globaldeepsea.site\/wp-content\/uploads\/2024\/11\/casting-300x300.webp\" alt=\"\" width=\"300\" height=\"300\" srcset=\"https:\/\/www.thecasting-factory.com\/wp-content\/uploads\/2024\/11\/casting-300x300.webp 300w, https:\/\/www.thecasting-factory.com\/wp-content\/uploads\/2024\/11\/casting-150x150.webp 150w, https:\/\/www.thecasting-factory.com\/wp-content\/uploads\/2024\/11\/casting-768x768.webp 768w, https:\/\/www.thecasting-factory.com\/wp-content\/uploads\/2024\/11\/casting-600x600.webp 600w, https:\/\/www.thecasting-factory.com\/wp-content\/uploads\/2024\/11\/casting-100x100.webp 100w, https:\/\/www.thecasting-factory.com\/wp-content\/uploads\/2024\/11\/casting.webp 1000w\" sizes=\"(max-width: 300px) 100vw, 300px\" \/><img decoding=\"async\" class=\"alignnone size-medium wp-image-21\" src=\"https:\/\/pingheng.globaldeepsea.site\/wp-content\/uploads\/2024\/11\/plixu-300x300.webp\" alt=\"\" width=\"300\" height=\"300\" srcset=\"https:\/\/www.thecasting-factory.com\/wp-content\/uploads\/2024\/11\/plixu-300x300.webp 300w, https:\/\/www.thecasting-factory.com\/wp-content\/uploads\/2024\/11\/plixu-150x150.webp 150w, https:\/\/www.thecasting-factory.com\/wp-content\/uploads\/2024\/11\/plixu-768x768.webp 768w, https:\/\/www.thecasting-factory.com\/wp-content\/uploads\/2024\/11\/plixu-600x600.webp 600w, https:\/\/www.thecasting-factory.com\/wp-content\/uploads\/2024\/11\/plixu-100x100.webp 100w, https:\/\/www.thecasting-factory.com\/wp-content\/uploads\/2024\/11\/plixu.webp 1000w\" sizes=\"(max-width: 300px) 100vw, 300px\" \/><\/p>","protected":false},"excerpt":{"rendered":"<p>Dies ist ein Teil, der in Meeresgef\u00e4\u00dfkomponenten, dem S\u00fc\u00dfwasser -W\u00e4rmetauscher des Meeres, verwendet wird.<\/p>\n<p><strong>Die Spezifikation des Teils ist lxwxh<\/strong>: 232 mmx232mmx68mm, Wandst\u00e4rke: 7 mm, Gewicht: 3,25 kg.<\/p>\n<p><strong>Material<\/strong>:ZCuSn12.<\/p>\n<p><strong>Testanforderungen des Produkts<\/strong>: Luftdichtungstest, bestehen Sie 0,5 MPa Druckluft, halten Sie 1 min, ohne Leckage.<\/p>","protected":false},"featured_media":25,"template":"","meta":[],"product_cat":[16],"product_tag":[31,32,30,29,34,28,35,27,33],"class_list":{"0":"post-20","1":"product","2":"type-product","3":"status-publish","4":"has-post-thumbnail","6":"product_cat-copper-alloy","7":"product_tag-copper-alloy-castings","8":"product_tag-copper-alloy-investment-castings","9":"product_tag-copper-alloy-precision-castings","10":"product_tag-copper-castings","11":"product_tag-copper-castings-for-heat-exchanger-field","12":"product_tag-investment-casting","13":"product_tag-marine-copper-castings","14":"product_tag-precision-casting","15":"product_tag-zcusn12-material-precision-castings","17":"first","18":"instock","19":"shipping-taxable","20":"product-type-simple"},"_links":{"self":[{"href":"https:\/\/www.thecasting-factory.com\/de\/wp-json\/wp\/v2\/product\/20","targetHints":{"allow":["GET"]}}],"collection":[{"href":"https:\/\/www.thecasting-factory.com\/de\/wp-json\/wp\/v2\/product"}],"about":[{"href":"https:\/\/www.thecasting-factory.com\/de\/wp-json\/wp\/v2\/types\/product"}],"version-history":[{"count":1,"href":"https:\/\/www.thecasting-factory.com\/de\/wp-json\/wp\/v2\/product\/20\/revisions"}],"predecessor-version":[{"id":26,"href":"https:\/\/www.thecasting-factory.com\/de\/wp-json\/wp\/v2\/product\/20\/revisions\/26"}],"wp:featuredmedia":[{"embeddable":true,"href":"https:\/\/www.thecasting-factory.com\/de\/wp-json\/wp\/v2\/media\/25"}],"wp:attachment":[{"href":"https:\/\/www.thecasting-factory.com\/de\/wp-json\/wp\/v2\/media?parent=20"}],"wp:term":[{"taxonomy":"product_cat","embeddable":true,"href":"https:\/\/www.thecasting-factory.com\/de\/wp-json\/wp\/v2\/product_cat?post=20"},{"taxonomy":"product_tag","embeddable":true,"href":"https:\/\/www.thecasting-factory.com\/de\/wp-json\/wp\/v2\/product_tag?post=20"}],"curies":[{"name":"wp","href":"https:\/\/api.w.org\/{rel}","templated":true}]}}