{"id":17,"date":"2024-11-21T10:22:48","date_gmt":"2024-11-21T02:22:48","guid":{"rendered":"https:\/\/pingheng.globaldeepsea.site\/?post_type=product&#038;p=17"},"modified":"2024-11-21T10:54:30","modified_gmt":"2024-11-21T02:54:30","slug":"flange-bearing-housing-silica-sol-precision-cast-copper-alloy-casting","status":"publish","type":"product","link":"https:\/\/www.thecasting-factory.com\/de\/product\/flange-bearing-housing-silica-sol-precision-cast-copper-alloy-casting\/","title":{"rendered":"Flanschlager-Geh\u00e4use-Silica Sol Pr\u00e4zision Guss Kupferlegierung Guss"},"content":{"rendered":"<h3><strong>Produktbeschreibung<\/strong><\/h3>\n<p>Dies ist ein Teil in herk\u00f6mmlichen Kraftstoffmotorenautos, \u00d6lpumpen, sein Name hei\u00dft Flanschlagersitz. Technische Anforderungen von Teilen:<br \/>\n1.Mechanische Eigenschaften GB\/T 1176, Einzelguss -Teststange, Zugfestigkeit \u2265220 mPa, Biegefestigkeit \u2265130 mPa, Dehnung \u22653%, Brinell -H\u00e4rte \u226580 HBW;<br \/>\n2. Die Guss-Toleranz muss GB\/T 6414-DCTG6-GCTG7 sein, die Rauspunkte der \u00e4u\u00dferen Oberfl\u00e4che.<br \/>\n3. Low -Leistungsanforderungen: Die Oberfl\u00e4che des Gusss darf keine Risse, Poren, Federkristalle haben; \uf0b7Small -Oberfl\u00e4cheneinschl\u00fcsse sind nicht zul\u00e4ssig, gro\u00dfe Oberfl\u00e4cheneinschl\u00fcsse sind nicht mehr als 0,5 mm\u00b2 zul\u00e4ssig. \uf0b7 Gr\u00f6\u00dfe und Porosit\u00e4t \u22643 Grad;<br \/>\n4. Nachdem die Referenzlochmaschine hinzugef\u00fcgt wird (nach dem Abschneiden von Imms), sind keine losen L\u00f6cher gr\u00f6\u00dfer als Imms zul\u00e4ssig.<br \/>\n5 Die verwendeten Substanzen entsprechen den Anforderungen der GB\/T 30512 und CE ROHS2.0 -Vorschriften.<\/p>\n<h3><strong>Entwicklungshintergrund<\/strong><\/h3>\n<p>1. Dies ist ein neuer Kunde und das erste Mal, dass wir solche Teile entwickelt haben<br \/>\n2. Nach der Hintergrunduntersuchung beider Parteien haben wir vor der Entwicklung die \u201eSchimmelpilzentwicklungsvereinbarung\u201c, die Produktionsvereinbarung \u201eNeue Produktstudienproduktion\u201c und \u201eLieferantenintegrit\u00e4tsvereinbarung\u201c unterzeichnet.<br \/>\n3. Der Entwicklungszyklus dieses Produkts ist kurz, die erste Stichprobenabgabedauer betr\u00e4gt 40 Tage, die Produktverarbeitung ist schwierig, die Montage -Loch -Toleranz betr\u00e4gt \u00b1 0,012 mm. Ab dem Beginn des Entwicklungsmittels wurden wir von der Projektabteilung geleitet und pers\u00f6nlich vom Chef teilgenommen. Nach mehreren Runden zur Bewertung der Besprechung und der \u00dcberpr\u00fcfung vor Ort investierten wir neue Verarbeitungsger\u00e4te und haben schlie\u00dflich die Anforderungen des Kunden abgeschlossen, wenn sie zum zweiten Mal Muster senden.<br \/>\nUnser Unternehmen verf\u00fcgt \u00fcber ein starkes technisches Entwicklungsteam mit der M\u00f6glichkeit, OEM -Teile im Bereich des Pr\u00e4zisions -Casting zu entwickeln und integrierte Dienste von Leerzeichen bis zu Bearbeitung anzubieten. Exzellenz, um Kunden effiziente, qualitativ hochwertige Produkte und Dienstleistungen zu bieten, war unsere Philosophie.<\/p>","protected":false},"excerpt":{"rendered":"<p>Dies ist eine Komponente, die in \u00d6lpumpen verwendet wird.<\/p>\n<p><strong>Teilspezifikationen L\u00e4nge x Breite x H\u00f6he<\/strong> : \u03c6128mmx38,5 mm, Gewicht: 1,42 kg;<\/p>\n<p><strong>Material<\/strong> \uff1a ZCUSN10P1<\/p>","protected":false},"featured_media":18,"template":"","meta":[],"product_cat":[16],"product_tag":[26,21,19,24,22,25,23,20],"class_list":{"0":"post-17","1":"product","2":"type-product","3":"status-publish","4":"has-post-thumbnail","6":"product_cat-copper-alloy","7":"product_tag-copper-alloy-casting-foundry","8":"product_tag-copper-alloy-flange-bearing-housing","9":"product_tag-flange-bearing-housing-copper-alloy-casting","10":"product_tag-flange-bearing-housing-manufacturer","11":"product_tag-precision-cast-copper-bearing-housing","12":"product_tag-precision-casting-supplier","13":"product_tag-silica-sol-copper-alloy-casting","14":"product_tag-silica-sol-precision-casting","16":"first","17":"instock","18":"shipping-taxable","19":"product-type-simple"},"_links":{"self":[{"href":"https:\/\/www.thecasting-factory.com\/de\/wp-json\/wp\/v2\/product\/17","targetHints":{"allow":["GET"]}}],"collection":[{"href":"https:\/\/www.thecasting-factory.com\/de\/wp-json\/wp\/v2\/product"}],"about":[{"href":"https:\/\/www.thecasting-factory.com\/de\/wp-json\/wp\/v2\/types\/product"}],"version-history":[{"count":0,"href":"https:\/\/www.thecasting-factory.com\/de\/wp-json\/wp\/v2\/product\/17\/revisions"}],"wp:featuredmedia":[{"embeddable":true,"href":"https:\/\/www.thecasting-factory.com\/de\/wp-json\/wp\/v2\/media\/18"}],"wp:attachment":[{"href":"https:\/\/www.thecasting-factory.com\/de\/wp-json\/wp\/v2\/media?parent=17"}],"wp:term":[{"taxonomy":"product_cat","embeddable":true,"href":"https:\/\/www.thecasting-factory.com\/de\/wp-json\/wp\/v2\/product_cat?post=17"},{"taxonomy":"product_tag","embeddable":true,"href":"https:\/\/www.thecasting-factory.com\/de\/wp-json\/wp\/v2\/product_tag?post=17"}],"curies":[{"name":"wp","href":"https:\/\/api.w.org\/{rel}","templated":true}]}}